{"id":56,"date":"2014-07-22T13:48:34","date_gmt":"2014-07-22T11:48:34","guid":{"rendered":"http:\/\/die-praxis-in-langgoens.de\/?page_id=56"},"modified":"2019-06-24T23:59:38","modified_gmt":"2019-06-24T21:59:38","slug":"notruf","status":"publish","type":"page","link":"https:\/\/die-praxis-in-langgoens.de\/index.php\/notruf\/","title":{"rendered":"Notruf"},"content":{"rendered":"<h1>Praxis: 06403-7754430<\/h1>\n<p>Au\u00dferhalb unserer \u00d6ffnungszeiten erfahren Sie \u00fcber unseren Anrufbeantworter die aktuellen Notruftelefonnummern.<\/p>\n<p>Bundesweite Rufnummer f\u00fcr den \u00e4rztlichen Not- und Bereitschaftsdienst<\/p>\n<h2><span style=\"color: rgb(255, 0, 0);\">Bereitschaftsdienst-Rufnummer: 116 117<\/span><\/h2>\n<h2><span style=\"color: rgb(255, 0, 0);\">Notruf (wie bisher): 112<\/span><\/h2>\n","protected":false},"excerpt":{"rendered":"<p>Praxis: 06403-7754430 Au\u00dferhalb unserer \u00d6ffnungszeiten erfahren Sie \u00fcber unseren Anrufbeantworter die aktuellen Notruftelefonnummern. Bundesweite Rufnummer f\u00fcr den \u00e4rztlichen Not- und Bereitschaftsdienst Bereitschaftsdienst-Rufnummer: 116 117 Notruf (wie bisher): 112<\/p>\n","protected":false},"author":3,"featured_media":0,"parent":0,"menu_order":8,"comment_status":"open","ping_status":"closed","template":"","meta":{"footnotes":""},"class_list":["post-56","page","type-page","status-publish","hentry"],"_links":{"self":[{"href":"https:\/\/die-praxis-in-langgoens.de\/index.php\/wp-json\/wp\/v2\/pages\/56","targetHints":{"allow":["GET"]}}],"collection":[{"href":"https:\/\/die-praxis-in-langgoens.de\/index.php\/wp-json\/wp\/v2\/pages"}],"about":[{"href":"https:\/\/die-praxis-in-langgoens.de\/index.php\/wp-json\/wp\/v2\/types\/page"}],"author":[{"embeddable":true,"href":"https:\/\/die-praxis-in-langgoens.de\/index.php\/wp-json\/wp\/v2\/users\/3"}],"replies":[{"embeddable":true,"href":"https:\/\/die-praxis-in-langgoens.de\/index.php\/wp-json\/wp\/v2\/comments?post=56"}],"version-history":[{"count":13,"href":"https:\/\/die-praxis-in-langgoens.de\/index.php\/wp-json\/wp\/v2\/pages\/56\/revisions"}],"predecessor-version":[{"id":274,"href":"https:\/\/die-praxis-in-langgoens.de\/index.php\/wp-json\/wp\/v2\/pages\/56\/revisions\/274"}],"wp:attachment":[{"href":"https:\/\/die-praxis-in-langgoens.de\/index.php\/wp-json\/wp\/v2\/media?parent=56"}],"curies":[{"name":"wp","href":"https:\/\/api.w.org\/{rel}","templated":true}]}}