{"id":50,"date":"2014-07-22T13:34:11","date_gmt":"2014-07-22T11:34:11","guid":{"rendered":"http:\/\/die-praxis-in-langgoens.de\/?page_id=50"},"modified":"2022-04-23T07:30:16","modified_gmt":"2022-04-23T05:30:16","slug":"leistungskatalog","status":"publish","type":"page","link":"https:\/\/die-praxis-in-langgoens.de\/index.php\/leistungskatalog\/","title":{"rendered":"Leistungskatalog"},"content":{"rendered":"<h1><\/h1>\n<h2><span style=\"color: #333399;\">Angebote f\u00fcr Chroniker<\/span><\/h2>\n<ul>\n<li>DMP (= Disease-Management-Programme):<br \/>\n&#8211; Diabetes mellitus<br \/>\n&#8211; Asthma bronchiale<br \/>\n&#8211; COPD (= chronisch-obstruktive Atemwegserkrankungen)<br \/>\n&#8211; KHK (= koronare Herzerkrankung)<\/li>\n<li>Patientenschulung bei Diabetes, KHK<\/li>\n<\/ul>\n<h2><span style=\"color: #333399;\">allgemeine Leistungen<\/span><\/h2>\n<ul>\n<li>Alle Behandlungen im Rahmen der haus\u00e4rztlichen Versorgung<\/li>\n<li>Beantragung von Rehabilitations-Ma\u00dfnahmen zulasten der Rentenversicherung<\/li>\n<li>Belastungs-EKG<\/li>\n<li>Blutabnahme f\u00fcr Berufst\u00e4tige ab 7:00 Uhr m\u00f6glich<\/li>\n<li>Chirotherapie\/manuelle Therapie<\/li>\n<li>Hausbesuche (in begr\u00fcndeten Krankheitsf\u00e4llen)<\/li>\n<li>Kryotherapie in der Warzen- und Narben-Behandlung<\/li>\n<li>Langzeit (= 24-Std.) -Blutdruck-Messungen<\/li>\n<li>LZ EKG (= 24 Std.) \u2013 Messungen<\/li>\n<li>Lungenfunktions-Pr\u00fcfungen<\/li>\n<li>Psychosomatische Grundversorgung<\/li>\n<li>Ultraschall-Untersuchungen (Bauchraum, Schilddr\u00fcse, Beinvenen, Halsschlagadern)<\/li>\n<li>Hausbesuche durch<br \/>\nVerah (Versorgungsassistentin in der Hausarztpraxis)<br \/>\nN\u00e4Pa (Nicht-\u00e4rztliche Praxisassistentin)<\/li>\n<\/ul>\n<h2><span style=\"color: #333399;\">Vorsorge<\/span><\/h2>\n<ul>\n<li>allgemeine Impfung und Impfberatung<\/li>\n<li>Allgemeines Labor<\/li>\n<li>Check up (f\u00fcr Patienten der gesetzlichen Krankenkassen:<br \/>\nab 35 Jahren)<\/li>\n<li>Check-up f\u00fcr Patienten unter 35<\/li>\n<li>Hautkrebs-Screening<\/li>\n<li>Jugendgesundheitsuntersuchungen<\/li>\n<li>Jugendschutzuntersuchungen<\/li>\n<li>Krebsvorsorge f\u00fcr M\u00e4nner<\/li>\n<\/ul>\n<h2><span style=\"color: #333399;\">Besondere Leistungen<\/span><\/h2>\n<ul>\n<li>Akupunktur<\/li>\n<li>Kinesio-Tape-Verb\u00e4nde<\/li>\n<li>Reise-Impfberatung<\/li>\n<li>Sportmedizinische Leistungsdiagnostik<\/li>\n<li>Sporttauglichkeitsuntersuchung<\/li>\n<li>Tauglichkeitsuntersuchung f\u00fcr F\u00fchrerschein<\/li>\n<\/ul>\n","protected":false},"excerpt":{"rendered":"<p>Angebote f\u00fcr Chroniker DMP (= Disease-Management-Programme): &#8211; Diabetes mellitus &#8211; Asthma bronchiale &#8211; COPD (= chronisch-obstruktive Atemwegserkrankungen) &#8211; KHK (= koronare Herzerkrankung) Patientenschulung bei Diabetes, KHK allgemeine Leistungen Alle Behandlungen im Rahmen der haus\u00e4rztlichen Versorgung Beantragung von Rehabilitations-Ma\u00dfnahmen zulasten der Rentenversicherung Belastungs-EKG Blutabnahme f\u00fcr Berufst\u00e4tige ab 7:00 Uhr m\u00f6glich Chirotherapie\/manuelle Therapie Hausbesuche (in begr\u00fcndeten Krankheitsf\u00e4llen) [&hellip;]<\/p>\n","protected":false},"author":3,"featured_media":0,"parent":0,"menu_order":2,"comment_status":"open","ping_status":"closed","template":"","meta":{"footnotes":""},"class_list":["post-50","page","type-page","status-publish","hentry"],"_links":{"self":[{"href":"https:\/\/die-praxis-in-langgoens.de\/index.php\/wp-json\/wp\/v2\/pages\/50","targetHints":{"allow":["GET"]}}],"collection":[{"href":"https:\/\/die-praxis-in-langgoens.de\/index.php\/wp-json\/wp\/v2\/pages"}],"about":[{"href":"https:\/\/die-praxis-in-langgoens.de\/index.php\/wp-json\/wp\/v2\/types\/page"}],"author":[{"embeddable":true,"href":"https:\/\/die-praxis-in-langgoens.de\/index.php\/wp-json\/wp\/v2\/users\/3"}],"replies":[{"embeddable":true,"href":"https:\/\/die-praxis-in-langgoens.de\/index.php\/wp-json\/wp\/v2\/comments?post=50"}],"version-history":[{"count":24,"href":"https:\/\/die-praxis-in-langgoens.de\/index.php\/wp-json\/wp\/v2\/pages\/50\/revisions"}],"predecessor-version":[{"id":623,"href":"https:\/\/die-praxis-in-langgoens.de\/index.php\/wp-json\/wp\/v2\/pages\/50\/revisions\/623"}],"wp:attachment":[{"href":"https:\/\/die-praxis-in-langgoens.de\/index.php\/wp-json\/wp\/v2\/media?parent=50"}],"curies":[{"name":"wp","href":"https:\/\/api.w.org\/{rel}","templated":true}]}}