{"id":36,"date":"2014-06-18T10:47:29","date_gmt":"2014-06-18T08:47:29","guid":{"rendered":"http:\/\/die-praxis-in-langgoens.de\/?page_id=36"},"modified":"2025-11-01T10:50:32","modified_gmt":"2025-11-01T08:50:32","slug":"team","status":"publish","type":"page","link":"https:\/\/die-praxis-in-langgoens.de\/index.php\/team\/","title":{"rendered":"Team"},"content":{"rendered":"<p><!--\n\n\n<tr>\n\n\n<td valign=\"top\">\n\n[caption id=\"attachment_115\" align=\"alignleft\" width=\"150\"]<a href=\"https:\/\/die-praxis-in-langgoens.de\/wp-content\/uploads\/2015\/01\/daemon.jpg\"><img loading=\"lazy\" decoding=\"async\" class=\"size-thumbnail wp-image-115\" src=\"https:\/\/die-praxis-in-langgoens.de\/wp-content\/uploads\/2015\/01\/daemon-150x150.jpg\" alt=\"Sandra D\u00e4mon\" width=\"150\" height=\"150\" \/><\/a> Sandra D\u00e4mon[\/caption]<\/td>\n\n\n\n\n<td>\n\n\n<table>\n\n\n<tr>\n\n\n<td width=\"100\"><strong>Sandra D\u00e4mon<\/strong><\/td>\n\n\n\n\n<td><\/td>\n\n\n\n\n<tr>\n\n\n<tr>\n\n\n<td>1991-1994<\/td>\n\n\n\n\n<td>Ausbildung zur Med.Fachangestellten in der Praxis Dres.med. M.Hammann und Th. Sommer in Butzbach<\/td>\n\n\n<\/tr>\n\n\n\n\n<tr>\n\n\n<td>1994-2003<\/td>\n\n\n\n\n<td>Weiterbesch\u00e4ftigung als Med.Fachangestellte in der Praxis Dres.med M.Hammann und Th.Sommer in Butzbach<\/td>\n\n\n<\/tr>\n\n\n\n\n<tr>\n\n\n<td>2004-2011<\/td>\n\n\n\n\n<td>Med.Fachangestellte in der Praxis Dres.med G.Sailer und T.Sailer in Ober-M\u00f6rlen<\/td>\n\n\n<\/tr>\n\n\n\n\n<tr>\n\n\n<td>2011-2014<\/td>\n\n\n\n\n<td>Med.Fachangestellte in der Gemeinschaftspraxis Langg\u00f6ns<\/td>\n\n\n<\/tr>\n\n\n\n\n<tr>\n\n\n<td>Seit 2014<\/td>\n\n\n\n\n<td>Med.Fachangestellte Praxis Dr. med.D. Frey, R.Matuschka<\/td>\n\n\n<\/tr>\n\n\n<\/table>\n\n\n<\/td>\n\n\n<\/tr>\n\n\n--><\/p>\n<p><!--\n\n\n<tr>\n\n\n<td valign=\"top\"><a href=\"https:\/\/die-praxis-in-langgoens.de\/wp-content\/uploads\/2019\/07\/arnold.jpg\"><img loading=\"lazy\" decoding=\"async\" class=\"alignleft size-medium wp-image-302\" src=\"https:\/\/die-praxis-in-langgoens.de\/wp-content\/uploads\/2019\/07\/arnold-225x300.jpg\" alt=\"\" width=\"188\" height=\"250\" srcset=\"https:\/\/die-praxis-in-langgoens.de\/wp-content\/uploads\/2019\/07\/arnold-225x300.jpg 225w, https:\/\/die-praxis-in-langgoens.de\/wp-content\/uploads\/2019\/07\/arnold.jpg 600w\" sizes=\"auto, (max-width: 188px) 100vw, 188px\" \/><\/a><\/td>\n\n\n\n\n<td>\n\n\n<table>\n\n\n<tbody>\n\n\n<tr>\n\n\n<td width=\"100\"><strong>Anette Arnold<\/strong><\/td>\n\n\n\n\n<td><\/td>\n\n\n<\/tr>\n\n\n\n\n<tr>\n\n\n<td>1984-1986<\/td>\n\n\n\n\n<td>Ausbildung zur medizinischen Fachangestellten und<\/td>\n\n\n<\/tr>\n\n\n\n\n<tr>\n\n\n<td>1986-2014<\/td>\n\n\n\n\n<td>Weiterbesch\u00e4ftigung in der Praxis Dr. Rossi, sp\u00e4ter Gemeinschaftspraxis Langg\u00f6ns<\/td>\n\n\n<\/tr>\n\n\n\n\n<tr>\n\n\n<td>1988-1990<\/td>\n\n\n\n\n<td>Weiterbildung zur Fachwirtin f\u00fcr ambulante medizinische Versorgung<\/td>\n\n\n<\/tr>\n\n\n\n\n<tr>\n\n\n<td>2004-2007<\/td>\n\n\n\n\n<td>Fortbildungen zur Schulungskraft f\u00fcr Patienten mit Diabetes, Hypertonie, Asthma und COPD<\/td>\n\n\n<\/tr>\n\n\n\n\n<tr>\n\n\n<td>01.07.2014 - 30.06.2019<\/td>\n\n\n\n\n<td>in der Gemeinschafts-Praxis Dr. Frey \/ Matuschka<\/td>\n\n\n<\/tr>\n\n\n\n\n<tr>\n\n\n<td>Seit 01.07.2019<\/td>\n\n\n\n\n<td>in der Praxis Dr. Frey und Erik Tanke Dasse (BAG)<\/td>\n\n\n<\/tr>\n\n\n<\/tbody>\n\n\n<\/table>\n\n\n<\/td>\n\n\n<\/tr>\n\n\n--><\/p>\n<p><!-- --><\/p>\n<p><!-- --><\/p>\n<table>\n<tbody><!--\n\n\n<tr>\n\n\n<td valign=\"top\"><a href=\"https:\/\/die-praxis-in-langgoens.de\/wp-content\/uploads\/2023\/06\/kosch.jpg\"><img loading=\"lazy\" decoding=\"async\" class=\"alignnone wp-image-768 size-medium\" src=\"https:\/\/die-praxis-in-langgoens.de\/wp-content\/uploads\/2023\/06\/kosch-225x300.jpg\" alt=\"\" width=\"225\" height=\"300\" srcset=\"https:\/\/die-praxis-in-langgoens.de\/wp-content\/uploads\/2023\/06\/kosch-225x300.jpg 225w, https:\/\/die-praxis-in-langgoens.de\/wp-content\/uploads\/2023\/06\/kosch.jpg 600w\" sizes=\"auto, (max-width: 225px) 100vw, 225px\" \/><\/a><\/td>\n\n\n\n\n<td>\n\n\n<table>\n\n\n<tbody>\n\n\n<tr>\n\n\n<td width=\"100\"><strong>Iris Kosch<\/strong><\/td>\n\n\n\n\n<td><\/td>\n\n\n<\/tr>\n\n\n\n\n<tr>\n\n\n<td>1986-1989<\/td>\n\n\n\n\n<td>Ausbildung zur medizinischen Fachangestellten<\/td>\n\n\n<\/tr>\n\n\n\n\n<tr>\n\n\n<td>1989-1999<\/td>\n\n\n\n\n<td>Weiterbesch\u00e4ftigung in der Praxis Dr. Rossi, sp\u00e4ter Gemeinschaftspraxis Langg\u00f6ns<\/td>\n\n\n<\/tr>\n\n\n\n\n<tr>\n\n\n<td>1999-2010<\/td>\n\n\n\n\n<td>Ingenieurb\u00fcro Datz<\/td>\n\n\n<\/tr>\n\n\n\n\n<tr>\n\n\n<td>2010-2014<\/td>\n\n\n\n\n<td>erneute Besch\u00e4ftigung in der Gemeinschaftspraxis Langg\u00f6ns<\/td>\n\n\n<\/tr>\n\n\n\n\n<tr>\n\n\n<td>01.07.2014 - 30.06.2019<\/td>\n\n\n\n\n<td>in der Gemeinschafts-Praxis Dr. Frey \/ Matuschka<\/td>\n\n\n<\/tr>\n\n\n\n\n<tr>\n\n\n<td>Seit Juni 2017<\/td>\n\n\n\n\n<td>VERAH und N\u00e4Pa<\/td>\n\n\n<\/tr>\n\n\n\n\n<tr>\n\n\n<td>seit 01.07.2019<\/td>\n\n\n\n\n<td>in der Praxis Dr. Frey und Erik Tanke Dasse (BAG)<\/td>\n\n\n<\/tr>\n\n\n\n\n<tr>\n\n\n<td>08-2022<\/td>\n\n\n\n\n<td>Praxismanagerin<\/td>\n\n\n<\/tr>\n\n\n<\/tbody>\n\n\n<\/table>\n\n\n<\/td>\n\n\n<\/tr>\n\n\n--> <!--\n\n\n<tr>\n\n\n<td valign=\"top\"><a href=\"https:\/\/die-praxis-in-langgoens.de\/wp-content\/uploads\/2022\/12\/bettina-henze.jpg\"><img loading=\"lazy\" decoding=\"async\" class=\"alignnone wp-image-730 size-medium\" src=\"https:\/\/die-praxis-in-langgoens.de\/wp-content\/uploads\/2022\/12\/bettina-henze-225x300.jpg\" alt=\"\" width=\"225\" height=\"300\" srcset=\"https:\/\/die-praxis-in-langgoens.de\/wp-content\/uploads\/2022\/12\/bettina-henze-225x300.jpg 225w, https:\/\/die-praxis-in-langgoens.de\/wp-content\/uploads\/2022\/12\/bettina-henze.jpg 600w\" sizes=\"auto, (max-width: 225px) 100vw, 225px\" \/><\/a><\/td>\n\n\n\n\n<td>\n\n\n<table>\n\n\n<tbody>\n\n\n<tr>\n\n\n<td width=\"100\"><strong>Bettina Henze<\/strong><\/td>\n\n\n\n\n<td><\/td>\n\n\n<\/tr>\n\n\n\n\n<tr>\n\n\n<td>1996-1999<\/td>\n\n\n\n\n<td>Ausbildung zur medizinischen Fachangestellten<\/td>\n\n\n<\/tr>\n\n\n\n\n<tr>\n\n\n<td>1999-2001<\/td>\n\n\n\n\n<td>Weiterbesch\u00e4ftigung in der Gemeinschaftspraxis Langg\u00f6ns<\/td>\n\n\n<\/tr>\n\n\n\n\n<tr>\n\n\n<td>2001-2005<\/td>\n\n\n\n\n<td>Kinderkardiologie im Kinderherzzentrum der Universit\u00e4tsklinik Gie\u00dfen<\/td>\n\n\n<\/tr>\n\n\n\n\n<tr>\n\n\n<td>2005-2008<\/td>\n\n\n\n\n<td>Elternzeit<\/td>\n\n\n<\/tr>\n\n\n\n\n<tr>\n\n\n<td>2008-2014<\/td>\n\n\n\n\n<td>erneute Besch\u00e4ftigung in der Gemeinschaftspraxis Langg\u00f6ns<\/td>\n\n\n<\/tr>\n\n\n\n\n<tr>\n\n\n<td>01.07.2014 - 30.06.2019<\/td>\n\n\n\n\n<td>in der Gemeinschafts-Praxis Dr. Frey \/ Matuschka<\/td>\n\n\n<\/tr>\n\n\n\n\n<tr>\n\n\n<td>seit 01.07.2019<\/td>\n\n\n\n\n<td>in der Praxis Dr. Frey und Erik Tanke Dasse (BAG)<\/td>\n\n\n<\/tr>\n\n\n\n\n<tr>\n\n\n<td>10-2019<\/td>\n\n\n\n\n<td>Qualit\u00e4tsmanagement<\/td>\n\n\n<\/tr>\n\n\n<\/tbody>\n\n\n<\/table>\n\n\n<\/td>\n\n\n<\/tr>\n\n\n--> <!--\n\n\n<tr>\n\n\n<td valign=\"top\"><a href=\"https:\/\/die-praxis-in-langgoens.de\/wp-content\/uploads\/2022\/08\/Jasmin-Puhl.jpg\"><img loading=\"lazy\" decoding=\"async\" class=\"alignnone wp-image-663 size-medium\" src=\"https:\/\/die-praxis-in-langgoens.de\/wp-content\/uploads\/2022\/08\/Jasmin-Puhl-225x300.jpg\" alt=\"\" width=\"225\" height=\"300\" srcset=\"https:\/\/die-praxis-in-langgoens.de\/wp-content\/uploads\/2022\/08\/Jasmin-Puhl-225x300.jpg 225w, https:\/\/die-praxis-in-langgoens.de\/wp-content\/uploads\/2022\/08\/Jasmin-Puhl.jpg 600w\" sizes=\"auto, (max-width: 225px) 100vw, 225px\" \/><\/a><\/td>\n\n\n\n\n<td>\n\n\n<table>\n\n\n<tbody>\n\n\n<tr>\n\n\n<td width=\"100\"><strong>Jasmin Puhl<\/strong><\/td>\n\n\n\n\n<td>&nbsp;<\/td>\n\n\n<\/tr>\n\n\n\n\n<tr>\n\n\n<td>2002-2005<\/td>\n\n\n\n\n<td>Praxis Dr.Krause\/Lorenz Butzbach, (Ausbildung + Weiterbesch\u00e4ftigung)<\/td>\n\n\n<\/tr>\n\n\n\n\n<tr>\n\n\n<td>2006-2018<\/td>\n\n\n\n\n<td>Praxis am Aliceplatz, Bad Nauheim<\/td>\n\n\n<\/tr>\n\n\n\n\n<tr>\n\n\n<td>01.07.2018 - 30.06.2019<\/td>\n\n\n\n\n<td>in der Gemeinschafts-Praxis Dr. Frey \/ Matuschka<\/td>\n\n\n<\/tr>\n\n\n\n\n<tr>\n\n\n<td>seit 01.07.2019<\/td>\n\n\n\n\n<td>in der Praxis Dr. Frey und Erik Tanke Dasse (BAG)<\/td>\n\n\n<\/tr>\n\n\n\n\n<tr>\n\n\n<td>seit 01.04.2021<\/td>\n\n\n\n\n<td>Nebenjob in der Notaufnahme des Hochwaldkrankenhauses\nBad Nauheim<\/td>\n\n\n<\/tr>\n\n\n<\/tbody>\n\n\n<\/table>\n\n\n<\/td>\n\n\n<\/tr>\n\n\n--><\/p>\n<tr>\n<td valign=\"top\"><a href=\"https:\/\/die-praxis-in-langgoens.de\/wp-content\/uploads\/2022\/08\/Ruhan-Beceren.jpg\"><img loading=\"lazy\" decoding=\"async\" class=\"alignnone wp-image-665 size-medium\" src=\"https:\/\/die-praxis-in-langgoens.de\/wp-content\/uploads\/2022\/08\/Ruhan-Beceren-225x300.jpg\" alt=\"\" width=\"225\" height=\"300\" srcset=\"https:\/\/die-praxis-in-langgoens.de\/wp-content\/uploads\/2022\/08\/Ruhan-Beceren-225x300.jpg 225w, https:\/\/die-praxis-in-langgoens.de\/wp-content\/uploads\/2022\/08\/Ruhan-Beceren.jpg 600w\" sizes=\"auto, (max-width: 225px) 100vw, 225px\" \/><\/a><\/td>\n<td>\n<table>\n<tbody>\n<tr>\n<td width=\"100\"><strong>Ruhan Beceren<\/strong><\/td>\n<td><\/td>\n<\/tr>\n<tr>\n<td>2013-2015<\/td>\n<td>Ausbildung + Weiterbesch\u00e4ftigung zur Altenpflegehelferin<\/td>\n<\/tr>\n<tr>\n<td>2015-2019<\/td>\n<td>Ausbildung zur Medizinischen Fachangestellten in der Neurologiepraxis Dr. Polzien\/Dr. Briebach in Friedberg<\/td>\n<\/tr>\n<tr>\n<td>2018-2022<\/td>\n<td>Elternzeit<\/td>\n<\/tr>\n<tr>\n<td>seit 01.07.2022<\/td>\n<td>in der Praxis Dr. Frey und Erik Tanke Dasse (BAG)<\/td>\n<\/tr>\n<\/tbody>\n<\/table>\n<\/td>\n<\/tr>\n<tr>\n<td valign=\"top\"><a href=\"https:\/\/die-praxis-in-langgoens.de\/wp-content\/uploads\/2022\/12\/esther-frey.jpg\"><img loading=\"lazy\" decoding=\"async\" class=\"alignnone wp-image-725 size-medium\" src=\"https:\/\/die-praxis-in-langgoens.de\/wp-content\/uploads\/2022\/12\/esther-frey-225x300.jpg\" alt=\"\" width=\"225\" height=\"300\" srcset=\"https:\/\/die-praxis-in-langgoens.de\/wp-content\/uploads\/2022\/12\/esther-frey-225x300.jpg 225w, https:\/\/die-praxis-in-langgoens.de\/wp-content\/uploads\/2022\/12\/esther-frey.jpg 600w\" sizes=\"auto, (max-width: 225px) 100vw, 225px\" \/><\/a><\/td>\n<td>\n<table>\n<tbody>\n<tr>\n<td width=\"100\"><strong>Esther Frey<br \/>\n<\/strong><\/td>\n<td><\/td>\n<\/tr>\n<tr>\n<td>1987 &#8211; 1990<\/td>\n<td>Ausbildung zur Medizinischen Fachangestellten Frauenarzt in Gie\u00dfen<\/td>\n<\/tr>\n<tr>\n<td>1990 &#8211; 1992<\/td>\n<td>Ausbildung zur Medizinisch-Technischen-Labor-Assistentin in Gie\u00dfen<\/td>\n<\/tr>\n<tr>\n<td>1992 &#8211; 1993<\/td>\n<td>Kerkhoff Klinik Abteilung H\u00e4mastaseologie-u. Transfusionsmedizin<br \/>\nBad Nauheim<\/td>\n<\/tr>\n<tr>\n<td>1993 &#8211; 1996<\/td>\n<td>Kurpark Klinik Bad Nauheim<\/td>\n<\/tr>\n<tr>\n<td>1996 &#8211; 2002<\/td>\n<td>Centrum f\u00fcr Humangenetik Linden<\/td>\n<\/tr>\n<tr>\n<td>2002 &#8211; 2016<\/td>\n<td>Elternzeit\/ Pflege von Familienangeh\u00f6rigen \/ Aushilfe<\/td>\n<\/tr>\n<tr>\n<td>2016 -2017<\/td>\n<td>Aushilfe Praxis in Langg\u00f6ns Dr. Frey\/ Matuschka<\/td>\n<\/tr>\n<tr>\n<td>2017 &#8211; 2022<\/td>\n<td>Gemeinschaftspraxis f\u00fcr H\u00e4matologie und Onkologie<br \/>\nDres. Schlie\u00dfer\/K\u00e4bisch\/Weber\/Tschischka in Gie\u00dfen<\/td>\n<\/tr>\n<tr>\n<td>seit 2022<\/td>\n<td>Taunusklinik Bad Nauheim und Nebenbesch\u00e4ftigung in der<br \/>\nPraxis Dr. Frey und Tanke Dasse (BAG)<\/td>\n<\/tr>\n<\/tbody>\n<\/table>\n<\/td>\n<\/tr>\n<tr>\n<td valign=\"top\"><a href=\"https:\/\/die-praxis-in-langgoens.de\/wp-content\/uploads\/2023\/01\/darina-schwarz.jpg\"><img loading=\"lazy\" decoding=\"async\" class=\"alignnone wp-image-750 size-medium\" src=\"https:\/\/die-praxis-in-langgoens.de\/wp-content\/uploads\/2023\/01\/darina-schwarz-225x300.jpg\" alt=\"\" width=\"225\" height=\"300\" srcset=\"https:\/\/die-praxis-in-langgoens.de\/wp-content\/uploads\/2023\/01\/darina-schwarz-225x300.jpg 225w, https:\/\/die-praxis-in-langgoens.de\/wp-content\/uploads\/2023\/01\/darina-schwarz.jpg 600w\" sizes=\"auto, (max-width: 225px) 100vw, 225px\" \/><\/a><\/td>\n<td>\n<table>\n<tbody>\n<tr>\n<td width=\"100\"><strong>Darina Schwarz<br \/>\n<\/strong><\/td>\n<td><\/td>\n<\/tr>\n<tr>\n<td>2012-2019<\/td>\n<td>Praxis Frau Bieber, Dr. Schaper Gie\u00dfen (Ausbildung + Weiterbesch\u00e4ftigung)<\/td>\n<\/tr>\n<tr>\n<td>2019-2022<\/td>\n<td>Praxis Dr. Rack, Meisler, Sch\u00f6ndorf Gie\u00dfen<\/td>\n<\/tr>\n<tr>\n<td>seit 01.01.2023<\/td>\n<td>Praxis Dr. Frey und Tanke Dasse (BAG)<\/td>\n<\/tr>\n<tr>\n<td><\/td>\n<td><\/td>\n<\/tr>\n<tr>\n<td><\/td>\n<td><\/td>\n<\/tr>\n<tr>\n<td><\/td>\n<td><\/td>\n<\/tr>\n<\/tbody>\n<\/table>\n<\/td>\n<\/tr>\n<tr>\n<td><\/td>\n<td>\n<table>\n<tbody>\n<tr>\n<td width=\"100\"><strong>Mona Schneider (MFA)<\/strong><\/td>\n<td><\/td>\n<\/tr>\n<tr>\n<td><\/td>\n<td><\/td>\n<\/tr>\n<tr>\n<td><\/td>\n<td><\/td>\n<\/tr>\n<tr>\n<td><\/td>\n<td><\/td>\n<\/tr>\n<\/tbody>\n<\/table>\n<\/td>\n<\/tr>\n<tr>\n<td><\/td>\n<td>\n<table>\n<tbody>\n<tr>\n<td width=\"100\"><strong>Elena Kolmer (Werksstudentin)<\/strong><\/td>\n<td><\/td>\n<\/tr>\n<tr>\n<td><\/td>\n<td><\/td>\n<\/tr>\n<tr>\n<td><\/td>\n<td><\/td>\n<\/tr>\n<tr>\n<td><\/td>\n<td><\/td>\n<\/tr>\n<\/tbody>\n<\/table>\n<\/td>\n<\/tr>\n<p><!--\n\n\n<tr>\n\n\n<td valign=\"top\"><a href=\"https:\/\/die-praxis-in-langgoens.de\/wp-content\/uploads\/2023\/12\/lena-kamin.jpg\"><img loading=\"lazy\" decoding=\"async\" class=\"alignnone wp-image-791 size-medium\" src=\"https:\/\/die-praxis-in-langgoens.de\/wp-content\/uploads\/2023\/12\/lena-kamin-225x300.jpg\" alt=\"\" width=\"225\" height=\"300\" srcset=\"https:\/\/die-praxis-in-langgoens.de\/wp-content\/uploads\/2023\/12\/lena-kamin-225x300.jpg 225w, https:\/\/die-praxis-in-langgoens.de\/wp-content\/uploads\/2023\/12\/lena-kamin.jpg 600w\" sizes=\"auto, (max-width: 225px) 100vw, 225px\" \/><\/a><\/td>\n\n\n\n\n<td>\n\n\n<table>\n\n\n<tbody>\n\n\n<tr>\n\n\n<td width=\"100\"><strong>Lena Kamin\n<\/strong><\/td>\n\n\n\n\n<td><\/td>\n\n\n<\/tr>\n\n\n\n\n<tr>\n\n\n<td>2013<\/td>\n\n\n\n\n<td>Freiwilliges soziales Jahr Vitos Klinik Gie\u00dfen Gerontopsychiatrie, Abteilung Demenz<\/td>\n\n\n<\/tr>\n\n\n\n\n<tr>\n\n\n<td>2014-2017<\/td>\n\n\n\n\n<td>Ausbildung zur Gesundheits- und Krankenpflegerin<\/td>\n\n\n<\/tr>\n\n\n\n\n<tr>\n\n\n<td>2017-2019<\/td>\n\n\n\n\n<td>Weiterbesch\u00e4ftigung in der Vitos Klinik Gie\u00dfen<\/td>\n\n\n<\/tr>\n\n\n\n\n<tr>\n\n\n<td>2019-2020<\/td>\n\n\n\n\n<td>Elternzeit<\/td>\n\n\n<\/tr>\n\n\n\n\n<tr>\n\n\n<td>2020<\/td>\n\n\n\n\n<td>Wiederbesch\u00e4ftigung in der Vitos Klinik Gie\u00dfen<\/td>\n\n\n<\/tr>\n\n\n\n\n<tr>\n\n\n<td>2021-2023<\/td>\n\n\n\n\n<td>Vitos Klinik Gie\u00dfen, Abteilung Affektive St\u00f6rung<\/td>\n\n\n<\/tr>\n\n\n\n\n<tr>\n\n\n<td>2023<\/td>\n\n\n\n\n<td>Elternzeit und<\/td>\n\n\n<\/tr>\n\n\n\n\n<tr>\n\n\n<td>seit 01.11.2023<\/td>\n\n\n\n\n<td>Geringf\u00fcgige Besch\u00e4ftigung\nPraxis Dr. Frey und Tanke Dasse (BAG)<\/td>\n\n\n<\/tr>\n\n\n<\/tbody>\n\n\n<\/table>\n\n\n<\/td>\n\n\n<\/tr>\n\n\n--><\/tbody>\n<\/table>\n","protected":false},"excerpt":{"rendered":"<p>Ruhan Beceren 2013-2015 Ausbildung + Weiterbesch\u00e4ftigung zur Altenpflegehelferin 2015-2019 Ausbildung zur Medizinischen Fachangestellten in der Neurologiepraxis Dr. Polzien\/Dr. Briebach in Friedberg 2018-2022 Elternzeit seit 01.07.2022 in der Praxis Dr. Frey und Erik Tanke Dasse (BAG) Esther Frey 1987 &#8211; 1990 Ausbildung zur Medizinischen Fachangestellten Frauenarzt in Gie\u00dfen 1990 &#8211; 1992 Ausbildung zur Medizinisch-Technischen-Labor-Assistentin in Gie\u00dfen [&hellip;]<\/p>\n","protected":false},"author":3,"featured_media":0,"parent":0,"menu_order":3,"comment_status":"open","ping_status":"closed","template":"page-team.php","meta":{"footnotes":""},"class_list":["post-36","page","type-page","status-publish","hentry"],"_links":{"self":[{"href":"https:\/\/die-praxis-in-langgoens.de\/index.php\/wp-json\/wp\/v2\/pages\/36","targetHints":{"allow":["GET"]}}],"collection":[{"href":"https:\/\/die-praxis-in-langgoens.de\/index.php\/wp-json\/wp\/v2\/pages"}],"about":[{"href":"https:\/\/die-praxis-in-langgoens.de\/index.php\/wp-json\/wp\/v2\/types\/page"}],"author":[{"embeddable":true,"href":"https:\/\/die-praxis-in-langgoens.de\/index.php\/wp-json\/wp\/v2\/users\/3"}],"replies":[{"embeddable":true,"href":"https:\/\/die-praxis-in-langgoens.de\/index.php\/wp-json\/wp\/v2\/comments?post=36"}],"version-history":[{"count":82,"href":"https:\/\/die-praxis-in-langgoens.de\/index.php\/wp-json\/wp\/v2\/pages\/36\/revisions"}],"predecessor-version":[{"id":910,"href":"https:\/\/die-praxis-in-langgoens.de\/index.php\/wp-json\/wp\/v2\/pages\/36\/revisions\/910"}],"wp:attachment":[{"href":"https:\/\/die-praxis-in-langgoens.de\/index.php\/wp-json\/wp\/v2\/media?parent=36"}],"curies":[{"name":"wp","href":"https:\/\/api.w.org\/{rel}","templated":true}]}}