{"id":2,"date":"2014-06-12T08:20:30","date_gmt":"2014-06-12T08:20:30","guid":{"rendered":"http:\/\/die-praxis-in-langgoens.de\/?page_id=2"},"modified":"2025-11-01T08:35:33","modified_gmt":"2025-11-01T06:35:33","slug":"home","status":"publish","type":"page","link":"https:\/\/die-praxis-in-langgoens.de\/","title":{"rendered":"Home"},"content":{"rendered":"\n\n\n<hr class=\"wp-block-separator has-css-opacity\"\/>\n\n\n\n<p><\/p>\n\n\n\n<div class=\"wp-block-columns is-layout-flex wp-container-core-columns-is-layout-9d6595d7 wp-block-columns-is-layout-flex\">\n<div class=\"wp-block-column is-layout-flow wp-block-column-is-layout-flow\" style=\"flex-basis:61%\">\n<h4 class=\"wp-block-heading\">Die Praxis&nbsp;in Langg\u00f6ns<\/h4>\n\n\n\n<h4 class=\"wp-block-heading\"><strong>Lehrpraxis der JLU<\/strong><\/h4>\n\n\n\n<p><strong>Dr. med. Dirk Frey<\/strong><br>Facharzt f\u00fcr Allgemeinmedizin<br>Facharzt f\u00fcr physikalische und rehabilitative Medizin<br>&#8211; Chirotherapie, Akupunktur, Sportmedizin &#8211;<\/p>\n\n\n\n<p><strong>Dr. med. Sascha Speck<\/strong><br>Facharzt f\u00fcr Allgemeinmedizin<br>Facharzt f\u00fcr An\u00e4sthesiologie<br>&#8211; Notfallmedizin, Intensivmedizin, Palliativmedizin &#8211;<br>Fachkunde Strahlenschutz<br><br>Holzheimer Str. 1<br>35428 Langg\u00f6ns<br>Tel: 06403 &#8211; 775 44 30<br>Fax: 06403 &#8211; 775 44 39<\/p>\n\n\n\n<p>Bundesweite Rufnummer f\u00fcr den \u00e4rztlichen<br>Not- und Bereitschaftsdienst<\/p>\n\n\n\n<h2 class=\"wp-block-heading\">Bereitschaftsdienst-Nummer: 116 117<\/h2>\n\n\n\n<h2 class=\"wp-block-heading\">Notruf (wie bisher): 112<\/h2>\n\n\n\n<h4 class=\"wp-block-heading\"><strong>Dr. med Dirk Frey und Dr. med. Sascha Speck<\/strong><\/h4>\n<\/div>\n\n\n\n<div class=\"wp-block-column is-layout-flow wp-block-column-is-layout-flow\" style=\"flex-basis:39%\">\n<div>\n<table width=\"325\">\n<tbody>\n<tr>\n<td>\u00a0<\/td>\n<td style=\"text-align: left;\"><span style=\"color: red;\">Wichtige Mitteilung!<\/span>\n<p>Patienten mit Husten, Erk\u00e4ltung und Grippe-Symptomen, bitte nicht in die Praxis kommen, sondern zuerst telefonisch melden<br \/>Tel: 06403 &#8211; 775 44 30<\/p>\n<\/td>\n<\/tr>\n<tr>\n<td>\u00a0<\/td>\n<td style=\"text-align: center;\">\u00a0<\/td>\n<\/tr>\n<\/tbody>\n<\/table>\n<\/div>\n<\/div>\n<\/div>\n\n\n\n<p><\/p>\n","protected":false},"excerpt":{"rendered":"<p>Die Praxis&nbsp;in Langg\u00f6ns Lehrpraxis der JLU Dr. med. Dirk FreyFacharzt f\u00fcr AllgemeinmedizinFacharzt f\u00fcr physikalische und rehabilitative Medizin&#8211; Chirotherapie, Akupunktur, Sportmedizin &#8211; Dr. med. Sascha SpeckFacharzt f\u00fcr AllgemeinmedizinFacharzt f\u00fcr An\u00e4sthesiologie&#8211; Notfallmedizin, Intensivmedizin, Palliativmedizin &#8211;Fachkunde Strahlenschutz Holzheimer Str. 135428 Langg\u00f6nsTel: 06403 &#8211; 775 44 30Fax: 06403 &#8211; 775 44 39 Bundesweite Rufnummer f\u00fcr den \u00e4rztlichenNot- und Bereitschaftsdienst [&hellip;]<\/p>\n","protected":false},"author":3,"featured_media":0,"parent":0,"menu_order":0,"comment_status":"closed","ping_status":"closed","template":"homepage.php","meta":{"footnotes":""},"class_list":["post-2","page","type-page","status-publish","hentry"],"_links":{"self":[{"href":"https:\/\/die-praxis-in-langgoens.de\/index.php\/wp-json\/wp\/v2\/pages\/2","targetHints":{"allow":["GET"]}}],"collection":[{"href":"https:\/\/die-praxis-in-langgoens.de\/index.php\/wp-json\/wp\/v2\/pages"}],"about":[{"href":"https:\/\/die-praxis-in-langgoens.de\/index.php\/wp-json\/wp\/v2\/types\/page"}],"author":[{"embeddable":true,"href":"https:\/\/die-praxis-in-langgoens.de\/index.php\/wp-json\/wp\/v2\/users\/3"}],"replies":[{"embeddable":true,"href":"https:\/\/die-praxis-in-langgoens.de\/index.php\/wp-json\/wp\/v2\/comments?post=2"}],"version-history":[{"count":190,"href":"https:\/\/die-praxis-in-langgoens.de\/index.php\/wp-json\/wp\/v2\/pages\/2\/revisions"}],"predecessor-version":[{"id":895,"href":"https:\/\/die-praxis-in-langgoens.de\/index.php\/wp-json\/wp\/v2\/pages\/2\/revisions\/895"}],"wp:attachment":[{"href":"https:\/\/die-praxis-in-langgoens.de\/index.php\/wp-json\/wp\/v2\/media?parent=2"}],"curies":[{"name":"wp","href":"https:\/\/api.w.org\/{rel}","templated":true}]}}