{"id":174,"date":"2016-07-02T18:53:04","date_gmt":"2016-07-02T16:53:04","guid":{"rendered":"http:\/\/die-praxis-in-langgoens.de\/?page_id=174"},"modified":"2024-07-18T16:22:22","modified_gmt":"2024-07-18T14:22:22","slug":"aerzte","status":"publish","type":"page","link":"https:\/\/die-praxis-in-langgoens.de\/index.php\/aerzte\/","title":{"rendered":"\u00c4rzte"},"content":{"rendered":"\n<figure class=\"wp-block-image size-medium\"><a href=\"https:\/\/die-praxis-in-langgoens.de\/wp-content\/uploads\/2019\/07\/frey.jpg\"><img loading=\"lazy\" decoding=\"async\" width=\"225\" height=\"300\" src=\"https:\/\/die-praxis-in-langgoens.de\/wp-content\/uploads\/2019\/07\/frey-225x300.jpg\" alt=\"\" class=\"wp-image-303\" srcset=\"https:\/\/die-praxis-in-langgoens.de\/wp-content\/uploads\/2019\/07\/frey-225x300.jpg 225w, https:\/\/die-praxis-in-langgoens.de\/wp-content\/uploads\/2019\/07\/frey.jpg 600w\" sizes=\"auto, (max-width: 225px) 100vw, 225px\" \/><\/a><\/figure>\n\n\n\n<h1 class=\"wp-block-heading\">Dr. med. Dirk Frey<\/h1>\n\n\n\n<p>Studium der Humanmedizin an der JLU Giessen<\/p>\n\n\n\n<p>Facharzt f\u00fcr Allgemeinmedizin (Landes\u00e4rztekammer Hessen, 21.10.1998).<\/p>\n\n\n\n<p>Promotion zum Dr. med., verliehen von der Justus-Liebig-Universit\u00e4t Gie\u00dfen im Jahre 2002 zum Thema \u201eSportmedizinisches Leistungsprofil motorisch positiver Gie\u00dfener Schulkinder des 3. und 4. Schuljahres vor und nach einer zweij\u00e4hrigen au\u00dferschulischen Sportf\u00f6rderung in Talentaufbaugruppen\u201c.<\/p>\n\n\n\n<p>Niederlassung als Facharzt f\u00fcr Allgemeinmedizin im Oktober 2012 als Nachfolger von Dr. Rossi in der haus\u00e4rztlichen Gemeinschaftspraxis in Langg\u00f6ns.<\/p>\n\n\n\n<p>Facharzt f\u00fcr physikalische und rehabilitative Medizin (Landes\u00e4rztekammer Hessen, 16.05.2013).<\/p>\n\n\n\n<p>Berufliche Stationen waren u.a. in der Allgemein- und Unfallchirurgie im \u201eLaubacher Stift\u201c, der Hausarztpraxis Dr. Schwedes in Dietzh\u00f6lztal, der Inneren Abteilung des Krankenhauses Ehringshausen, der Praxis Dres. Magnus\/Limberg in Linden, der Kurpark-Klinik Bad Nauheim (Orthop\u00e4die), dem Reha-Zentrum in Wetzlar, der Kaiserberg-Klinik Bad Nauheim (Orthop\u00e4die) bis zur Niederlassung im Oktober 2012.<\/p>\n\n\n\n<p>Neben der Chirotherapie sind Akupunktur und Sportmedizin weitere T\u00e4tigkeitsschwerpunkte.<\/p>\n\n\n\n<p>Langj\u00e4hrige Erfahrung besteht zudem in der Notfallmedizin durch Engagement im \u00e4rztlichen Bereitschaftsdienst im St\u00fctzpunkt Linden.<\/p>\n\n\n\n<p>Am 01.07.2014 erfolgte der Umzug mit dem Partner R. Matuschka in die neue Praxis in der Holzheimer Str. 1 in Langg\u00f6ns.<\/p>\n\n\n\n<h1 class=\"wp-block-heading\">&nbsp;<\/h1>\n\n\n\n<h1 class=\"wp-block-heading\">Dr. med. Sascha Speck<\/h1>\n\n\n\n<p>Facharzt f\u00fcr An\u00e4sthesiologie<br><\/p>\n\n\n<p>Zusatzqualifikationen:<\/p>\n<ul>\n<li>\u2022 Zusatzbezeichnung Notfallmedizin<\/li>\n<li>\u2022 Zusatzbezeichnung Intensivmedizin<\/li>\n<li>\u2022 Zusatzbezeichnung Palliativmedizin<\/li>\n<li>\u2022 Fachkunde Strahlenschutz<\/li>\n<\/ul>\n<p>Mitgliedschaften:<\/p>\n<ul>\n<li>\u2022 BDA \u2013 Berufsverband Deutscher An\u00e4sthesisten<\/li>\n<li>\u2022 AGHN \u2013 Arbeitsgemeinschaft Hessischer Not\u00e4rzte<\/li>\n<\/ul>\n<p>Langj\u00e4hrige Expertise in allen Bereichen der An\u00e4sthesiologie und Intensivmedizin, insbesondere in der Versorgung von kardio-, thorax- und gef\u00e4\u00dfchirurgischen Patienten sowie herz- und lungentransplantierten Patienten.<\/p>\n<p>Weitere Informationen:<\/p>\n<ul>\n<li>\u2022 Studium der Humanmedizin an der Georg-August-Universit\u00e4t in G\u00f6ttingen (2000-2006)<\/li>\n<li>\u2022 Approbation durch die Landes\u00e4rztekammer Niedersachsen (2006)<\/li>\n<li>\u2022 Promotion in der klinischen Neurophysiologie der Abteilung Neurologie der Georg-August-Universit\u00e4t in G\u00f6ttingen (2012)<\/li>\n<li>\u2022 Langj\u00e4hrige T\u00e4tigkeit in verschiedenen Kliniken der Schwerpunkt- und Maximalversorgung (Klinikum Kassel, Uniklinik Marburg, Kerckhoff-Klinik Bad Nauheim) (bis 2021)<\/li>\n<li>\u2022 Regelm\u00e4\u00dfige freiberufliche T\u00e4tigkeit als Notarzt (seit 2008)<\/li>\n<\/ul>\n<p>Im Jahr 2021 erfolgte der Wechsel in die Innere Medizin \/ Allgemeinmedizin zun\u00e4chst mit Station f\u00fcr ein Jahr in der Inneren Medizin am Hochwald Krankenhaus Bad Nauheim. Seit 2022 Wechsel in den allgemeinmedizinisch niedergelassenen Bereich (Quereinstieg) zur Weiterbildung zum Facharzt f\u00fcr Allgemeinmedizin.<\/p>\n<p>Seit 01.06.2024 in Anstellung in der Praxis von Dr. Frey in Langg\u00f6ns als Nachfolger f\u00fcr Herrn Tanke-Dasse.<\/p>\n\n\n<p><\/p>\n\n\n\n<p><\/p>\n","protected":false},"excerpt":{"rendered":"<p>Dr. med. Dirk Frey Studium der Humanmedizin an der JLU Giessen Facharzt f\u00fcr Allgemeinmedizin (Landes\u00e4rztekammer Hessen, 21.10.1998). Promotion zum Dr. med., verliehen von der Justus-Liebig-Universit\u00e4t Gie\u00dfen im Jahre 2002 zum Thema \u201eSportmedizinisches Leistungsprofil motorisch positiver Gie\u00dfener Schulkinder des 3. und 4. Schuljahres vor und nach einer zweij\u00e4hrigen au\u00dferschulischen Sportf\u00f6rderung in Talentaufbaugruppen\u201c. Niederlassung als Facharzt f\u00fcr [&hellip;]<\/p>\n","protected":false},"author":3,"featured_media":0,"parent":0,"menu_order":1,"comment_status":"closed","ping_status":"closed","template":"","meta":{"footnotes":""},"class_list":["post-174","page","type-page","status-publish","hentry"],"_links":{"self":[{"href":"https:\/\/die-praxis-in-langgoens.de\/index.php\/wp-json\/wp\/v2\/pages\/174","targetHints":{"allow":["GET"]}}],"collection":[{"href":"https:\/\/die-praxis-in-langgoens.de\/index.php\/wp-json\/wp\/v2\/pages"}],"about":[{"href":"https:\/\/die-praxis-in-langgoens.de\/index.php\/wp-json\/wp\/v2\/types\/page"}],"author":[{"embeddable":true,"href":"https:\/\/die-praxis-in-langgoens.de\/index.php\/wp-json\/wp\/v2\/users\/3"}],"replies":[{"embeddable":true,"href":"https:\/\/die-praxis-in-langgoens.de\/index.php\/wp-json\/wp\/v2\/comments?post=174"}],"version-history":[{"count":60,"href":"https:\/\/die-praxis-in-langgoens.de\/index.php\/wp-json\/wp\/v2\/pages\/174\/revisions"}],"predecessor-version":[{"id":826,"href":"https:\/\/die-praxis-in-langgoens.de\/index.php\/wp-json\/wp\/v2\/pages\/174\/revisions\/826"}],"wp:attachment":[{"href":"https:\/\/die-praxis-in-langgoens.de\/index.php\/wp-json\/wp\/v2\/media?parent=174"}],"curies":[{"name":"wp","href":"https:\/\/api.w.org\/{rel}","templated":true}]}}